{"id":809,"date":"2022-02-11T09:58:06","date_gmt":"2022-02-11T09:58:06","guid":{"rendered":"https:\/\/info-coches.com\/bastidor\/?page_id=809"},"modified":"2023-01-10T17:22:58","modified_gmt":"2023-01-10T17:22:58","slug":"donde-esta-el-numero-de-bastidor-en-un-coche","status":"publish","type":"page","link":"https:\/\/info-coches.com\/bastidor\/","title":{"rendered":"\u00bfD\u00f3nde est\u00e1 el n\u00famero de bastidor en un coche?"},"content":{"rendered":"<p>En esta web puedes encontrar donde est\u00e1 el n\u00famero de bastidor de tu veh\u00edculo en el coche seg\u00fan tu modelo.<\/p>\n<h2>\u00bfC\u00f3mo es un n\u00famero de bastidor?<\/h2>\n<p>El n\u00famero de bastidor puede ser conocido como n\u00famero de chasis o VIN (Vehicle Identification Number )o en espa\u00f1ol, N\u00famero de Identificaci\u00f3n del Veh\u00edculo.<\/p>\n<p>Para encontrar un n\u00famero de bastidor en un veh\u00edculo, o n\u00famero de chasis, primero debe saber c\u00f3mo reconocerlo.<\/p>\n<p>El n\u00famero de bastidor <strong>consta de diecisiete caracteres (n\u00fameros y letras)<\/strong>. Los primeros tres son WMI, el c\u00f3digo de fabricante internacional. Los siguientes seis son VDS, es decir, la descripci\u00f3n del modelo. Los \u00faltimos ocho caracteres del n\u00famero de bastidor son el n\u00famero de serie del veh\u00edculo.<\/p>\n<p>Los <strong>fabricantes pueden incluir caracteres que separen las distintas<\/strong> partes del n\u00famero de bastidor, siempre que no sean caracteres de uso com\u00fan en el sistema de identificaci\u00f3n del n\u00famero de bastidor (y no se puedan confundir con estos caracteres).<\/p>\n<p><strong>El n\u00famero de bastidor colocado en el autom\u00f3vil<\/strong> debe presentarse en una o como m\u00e1ximo dos l\u00edneas, sin espacios, y no debe perturbarse la continuidad de las partes <strong>WMI, VDS y VIS<\/strong>.<\/p>\n<p>&nbsp;<\/p>\n<h2>\u00bfD\u00f3nde est\u00e1 el n\u00famero de bastidor?<\/h2>\n<p>&nbsp;<\/p>\n<blockquote>\n<p style=\"text-align: center;\"><strong>Debe tener en cuenta que por norma general el n\u00famero de bastidor es m\u00e1s f\u00e1cil de encontrar en la placa de identificaci\u00f3n, generalmente instalada en el interior de la pared delantera del autom\u00f3vil, justo al lado de la puerta, o en el marco de la puerta del conductor del veh\u00edculo.<\/strong><\/p>\n<\/blockquote>\n<p>Otras ubicaciones frecuentes de n\u00famero de bastidor incluyen el \u00e1rea del amortiguador derecho, el mamparo delantero, el paso de rueda derecho y el lado izquierdo de la carcasa del tablero.<\/p>\n<p>El n\u00famero de bastidor tambi\u00e9n se puede encontrar en la Ficha T\u00e9cnica o permiso de circulaci\u00f3n del veh\u00edculo, en el campo marcado con la letra \u00abE\u00bb. Aqu\u00ed no puede haber separadores, el n\u00famero de bastidor ser\u00e1 continuo. Al comprar un autom\u00f3vil usado, \u00a1aseg\u00farese de que el n\u00famero de bastidor en los documentos coincida con el n\u00famero de bastidor del veh\u00edculo!<\/p>\n<blockquote>\n<p style=\"text-align: center;\"><strong>Para m\u00e1s informaci\u00f3n puede mirar en la documentaci\u00f3n de su veh\u00edculo o buscar en su modelo m\u00e1s concretamente donde se encuentra el n\u00famero de bastidor en su veh\u00edculo.<\/strong><\/p>\n<p>En el siguiente listado puedes comprobar donde se encuentra el n\u00famero de bastidor en su veh\u00edculo, sea el modelo que sea.<\/p><\/blockquote>\n<div class=\"bastidor bastidor-4\"><a href=\"https:\/\/info-coches.com\/bastidor\/category\/numero-de-bastidor-de-alfa-romeo\/\">ALFA ROMEO<\/a><\/div>\n<div class=\"bastidor bastidor-5\"><a href=\"https:\/\/info-coches.com\/bastidor\/category\/numero-de-bastidor-de-audi\/\">AUDI<\/a><\/div>\n<div class=\"bastidor bastidor-6\"><a href=\"https:\/\/info-coches.com\/bastidor\/category\/numero-de-bastidor-de-bmw\/\">BMW<\/a><\/div>\n<div class=\"bastidor bastidor-7\"><a href=\"https:\/\/info-coches.com\/bastidor\/category\/numero-de-bastidor-de-cadillac\/\">CADILLAC<\/a><\/div>\n<div class=\"bastidor bastidor-8\"><a href=\"https:\/\/info-coches.com\/bastidor\/category\/numero-de-bastidor-de-chrysler\/\">CHRYSLER<\/a><\/div>\n<div class=\"bastidor bastidor-9\"><a href=\"https:\/\/info-coches.com\/bastidor\/category\/numero-de-bastidor-de-citroen\/\">CITROEN<\/a><\/div>\n<div class=\"bastidor bastidor-10\"><a href=\"https:\/\/info-coches.com\/bastidor\/category\/numero-de-bastidor-de-daewoo\/\">DAEWOO<\/a><\/div>\n<div class=\"bastidor bastidor-11\"><a href=\"https:\/\/info-coches.com\/bastidor\/category\/numero-de-bastidor-de-daihatsu\/\">DAIHATSU<\/a><\/div>\n<div class=\"bastidor bastidor-12\"><a href=\"https:\/\/info-coches.com\/bastidor\/category\/numero-de-bastidor-de-ferrari\/\">FERRARI<\/a><\/div>\n<div class=\"bastidor bastidor-13\"><a href=\"https:\/\/info-coches.com\/bastidor\/category\/numero-de-bastidor-de-fiat\/\">FIAT<\/a><\/div>\n<div class=\"bastidor bastidor-14\"><a href=\"https:\/\/info-coches.com\/bastidor\/category\/numero-de-bastidor-de-ford\/\">FORD<\/a><\/div>\n<div class=\"bastidor bastidor-15\"><a href=\"https:\/\/info-coches.com\/bastidor\/category\/numero-de-bastidor-de-galloper\/\">GALLOPER<\/a><\/div>\n<div class=\"bastidor bastidor-16\"><a href=\"https:\/\/info-coches.com\/bastidor\/category\/numero-de-bastidor-de-honda\/\">HONDA<\/a><\/div>\n<div class=\"bastidor bastidor-17\"><a href=\"https:\/\/info-coches.com\/bastidor\/category\/numero-de-bastidor-de-hyundai\/\">HYUNDAI<\/a><\/div>\n<div class=\"bastidor bastidor-18\"><a href=\"https:\/\/info-coches.com\/bastidor\/category\/numero-de-bastidor-de-isuzu\/\">ISUZU<\/a><\/div>\n<div class=\"bastidor bastidor-19\"><a href=\"https:\/\/info-coches.com\/bastidor\/category\/numero-de-bastidor-de-jaguar\/\">JAGUAR<\/a><\/div>\n<div class=\"bastidor bastidor-20\"><a href=\"https:\/\/info-coches.com\/bastidor\/category\/numero-de-bastidor-de-jeep\/\">JEEP<\/a><\/div>\n<div class=\"bastidor bastidor-21\"><a href=\"https:\/\/info-coches.com\/bastidor\/category\/numero-de-bastidor-de-kia\/\">KIA<\/a><\/div>\n<div class=\"bastidor bastidor-22\"><a href=\"https:\/\/info-coches.com\/bastidor\/category\/numero-de-bastidor-de-lada\/\">LADA<\/a><\/div>\n<div class=\"bastidor bastidor-23\"><a href=\"https:\/\/info-coches.com\/bastidor\/category\/numero-de-bastidor-de-lancia\/\">LANCIA<\/a><\/div>\n<div class=\"bastidor bastidor-24\"><a href=\"https:\/\/info-coches.com\/bastidor\/category\/numero-de-bastidor-de-land-rover\/\">LAND ROVER<\/a><\/div>\n<div class=\"bastidor bastidor-25\"><a href=\"https:\/\/info-coches.com\/bastidor\/category\/numero-de-bastidor-de-lexus\/\">LEXUS<\/a><\/div>\n<div class=\"bastidor bastidor-3\"><a href=\"https:\/\/info-coches.com\/bastidor\/category\/numero-de-bastidor-de-marca\/\">MARCA<\/a><\/div>\n<div class=\"bastidor bastidor-26\"><a href=\"https:\/\/info-coches.com\/bastidor\/category\/numero-de-bastidor-de-mazda\/\">MAZDA<\/a><\/div>\n<div class=\"bastidor bastidor-27\"><a href=\"https:\/\/info-coches.com\/bastidor\/category\/numero-de-bastidor-de-mercedes\/\">MERCEDES<\/a><\/div>\n<div class=\"bastidor bastidor-28\"><a href=\"https:\/\/info-coches.com\/bastidor\/category\/numero-de-bastidor-de-mitsubishi\/\">MITSUBISHI<\/a><\/div>\n<div class=\"bastidor bastidor-29\"><a href=\"https:\/\/info-coches.com\/bastidor\/category\/numero-de-bastidor-de-nissan\/\">NISSAN<\/a><\/div>\n<div class=\"bastidor bastidor-30\"><a href=\"https:\/\/info-coches.com\/bastidor\/category\/numero-de-bastidor-de-opel\/\">OPEL<\/a><\/div>\n<div class=\"bastidor bastidor-31\"><a href=\"https:\/\/info-coches.com\/bastidor\/category\/numero-de-bastidor-de-peugeot\/\">PEUGEOT<\/a><\/div>\n<div class=\"bastidor bastidor-32\"><a href=\"https:\/\/info-coches.com\/bastidor\/category\/numero-de-bastidor-de-porsche\/\">PORSCHE<\/a><\/div>\n<div class=\"bastidor bastidor-33\"><a href=\"https:\/\/info-coches.com\/bastidor\/category\/numero-de-bastidor-de-renault\/\">RENAULT<\/a><\/div>\n<div class=\"bastidor bastidor-34\"><a href=\"https:\/\/info-coches.com\/bastidor\/category\/numero-de-bastidor-de-rover\/\">ROVER<\/a><\/div>\n<div class=\"bastidor bastidor-35\"><a href=\"https:\/\/info-coches.com\/bastidor\/category\/numero-de-bastidor-de-saab\/\">SAAB<\/a><\/div>\n<div class=\"bastidor bastidor-36\"><a href=\"https:\/\/info-coches.com\/bastidor\/category\/numero-de-bastidor-de-sang-yong\/\">SANG YONG<\/a><\/div>\n<div class=\"bastidor bastidor-37\"><a href=\"https:\/\/info-coches.com\/bastidor\/category\/numero-de-bastidor-de-seat\/\">SEAT<\/a><\/div>\n<div class=\"bastidor bastidor-38\"><a href=\"https:\/\/info-coches.com\/bastidor\/category\/numero-de-bastidor-de-subaru\/\">SUBARU<\/a><\/div>\n<div class=\"bastidor bastidor-39\"><a href=\"https:\/\/info-coches.com\/bastidor\/category\/numero-de-bastidor-de-suzuki\/\">SUZUKI<\/a><\/div>\n<div class=\"bastidor bastidor-40\"><a href=\"https:\/\/info-coches.com\/bastidor\/category\/numero-de-bastidor-de-tata\/\">TATA<\/a><\/div>\n<div class=\"bastidor bastidor-41\"><a href=\"https:\/\/info-coches.com\/bastidor\/category\/numero-de-bastidor-de-toyota\/\">TOYOTA<\/a><\/div>\n<div class=\"bastidor bastidor-42\"><a href=\"https:\/\/info-coches.com\/bastidor\/category\/numero-de-bastidor-de-volkswagen\/\">VOLKSWAGEN<\/a><\/div>\n<div class=\"bastidor bastidor-43\"><a href=\"https:\/\/info-coches.com\/bastidor\/category\/numero-de-bastidor-de-volvo\/\">VOLVO<\/a><\/div>\n","protected":false},"excerpt":{"rendered":"<p>En esta web puedes encontrar donde est\u00e1 el n\u00famero de bastidor de tu veh\u00edculo en el coche seg\u00fan tu modelo. \u00bfC\u00f3mo es un n\u00famero de [&#8230;]<\/p>\n","protected":false},"author":1,"featured_media":794,"parent":0,"menu_order":0,"comment_status":"closed","ping_status":"closed","template":"","meta":{"footnotes":""},"class_list":["post-809","page","type-page","status-publish","has-post-thumbnail","hentry"],"yoast_head":"<!-- This site is optimized with the Yoast SEO plugin v26.6 - https:\/\/yoast.com\/wordpress\/plugins\/seo\/ -->\n<title>\u00bfD\u00f3nde est\u00e1 el n\u00famero de bastidor en un coche?<\/title>\n<meta name=\"description\" content=\"\u00bfD\u00f3nde est\u00e1 el n\u00famero de bastidor en un coche? \u00bfD\u00f3nde se encuentra el c\u00f3digo de chasis de tu coche? Todos las marcas, modelos y a\u00f1os...\" \/>\n<meta name=\"robots\" content=\"index, follow, max-snippet:-1, max-image-preview:large, max-video-preview:-1\" \/>\n<link rel=\"canonical\" href=\"https:\/\/info-coches.com\/bastidor\/\" \/>\n<meta property=\"og:locale\" content=\"es_ES\" \/>\n<meta property=\"og:type\" content=\"article\" \/>\n<meta property=\"og:title\" content=\"\u00bfD\u00f3nde est\u00e1 el n\u00famero de bastidor en un coche?\" \/>\n<meta property=\"og:description\" content=\"\u00bfD\u00f3nde est\u00e1 el n\u00famero de bastidor en un coche? \u00bfD\u00f3nde se encuentra el c\u00f3digo de chasis de tu coche? Todos las marcas, modelos y a\u00f1os...\" \/>\n<meta property=\"og:url\" content=\"https:\/\/info-coches.com\/bastidor\/\" \/>\n<meta property=\"og:site_name\" content=\"Informaci\u00f3n b\u00e1stidor\" \/>\n<meta property=\"article:modified_time\" content=\"2023-01-10T17:22:58+00:00\" \/>\n<meta property=\"og:image\" content=\"https:\/\/info-coches.com\/bastidor\/wp-content\/uploads\/2022\/02\/numero-de-bastidor-coche.jpg\" \/>\n\t<meta property=\"og:image:width\" content=\"1920\" \/>\n\t<meta property=\"og:image:height\" content=\"971\" \/>\n\t<meta property=\"og:image:type\" content=\"image\/jpeg\" \/>\n<meta name=\"twitter:card\" content=\"summary_large_image\" \/>\n<meta name=\"twitter:label1\" content=\"Tiempo de lectura\" \/>\n\t<meta name=\"twitter:data1\" content=\"2 minutos\" \/>\n<script type=\"application\/ld+json\" class=\"yoast-schema-graph\">{\"@context\":\"https:\/\/schema.org\",\"@graph\":[{\"@type\":\"WebPage\",\"@id\":\"https:\/\/info-coches.com\/bastidor\/\",\"url\":\"https:\/\/info-coches.com\/bastidor\/\",\"name\":\"\u00bfD\u00f3nde est\u00e1 el n\u00famero de bastidor en un coche?\",\"isPartOf\":{\"@id\":\"https:\/\/info-coches.com\/bastidor\/#website\"},\"primaryImageOfPage\":{\"@id\":\"https:\/\/info-coches.com\/bastidor\/#primaryimage\"},\"image\":{\"@id\":\"https:\/\/info-coches.com\/bastidor\/#primaryimage\"},\"thumbnailUrl\":\"https:\/\/info-coches.com\/bastidor\/wp-content\/uploads\/2022\/02\/numero-de-bastidor-coche.jpg\",\"datePublished\":\"2022-02-11T09:58:06+00:00\",\"dateModified\":\"2023-01-10T17:22:58+00:00\",\"description\":\"\u00bfD\u00f3nde est\u00e1 el n\u00famero de bastidor en un coche? \u00bfD\u00f3nde se encuentra el c\u00f3digo de chasis de tu coche? Todos las marcas, modelos y a\u00f1os...\",\"breadcrumb\":{\"@id\":\"https:\/\/info-coches.com\/bastidor\/#breadcrumb\"},\"inLanguage\":\"es\",\"potentialAction\":[{\"@type\":\"ReadAction\",\"target\":[\"https:\/\/info-coches.com\/bastidor\/\"]}]},{\"@type\":\"ImageObject\",\"inLanguage\":\"es\",\"@id\":\"https:\/\/info-coches.com\/bastidor\/#primaryimage\",\"url\":\"https:\/\/info-coches.com\/bastidor\/wp-content\/uploads\/2022\/02\/numero-de-bastidor-coche.jpg\",\"contentUrl\":\"https:\/\/info-coches.com\/bastidor\/wp-content\/uploads\/2022\/02\/numero-de-bastidor-coche.jpg\",\"width\":1920,\"height\":971,\"caption\":\"numero de bastidor coche\"},{\"@type\":\"BreadcrumbList\",\"@id\":\"https:\/\/info-coches.com\/bastidor\/#breadcrumb\",\"itemListElement\":[{\"@type\":\"ListItem\",\"position\":1,\"name\":\"Portada\",\"item\":\"https:\/\/info-coches.com\/bastidor\/\"},{\"@type\":\"ListItem\",\"position\":2,\"name\":\"\u00bfD\u00f3nde est\u00e1 el n\u00famero de bastidor en un coche?\"}]},{\"@type\":\"WebSite\",\"@id\":\"https:\/\/info-coches.com\/bastidor\/#website\",\"url\":\"https:\/\/info-coches.com\/bastidor\/\",\"name\":\"Informaci\u00f3n b\u00e1stidor\",\"description\":\"Informaci\u00f3n b\u00e1stidor de coches\",\"publisher\":{\"@id\":\"https:\/\/info-coches.com\/bastidor\/#organization\"},\"potentialAction\":[{\"@type\":\"SearchAction\",\"target\":{\"@type\":\"EntryPoint\",\"urlTemplate\":\"https:\/\/info-coches.com\/bastidor\/?s={search_term_string}\"},\"query-input\":{\"@type\":\"PropertyValueSpecification\",\"valueRequired\":true,\"valueName\":\"search_term_string\"}}],\"inLanguage\":\"es\"},{\"@type\":\"Organization\",\"@id\":\"https:\/\/info-coches.com\/bastidor\/#organization\",\"name\":\"Donde est\u00e1 el bastidor\",\"url\":\"https:\/\/info-coches.com\/bastidor\/\",\"logo\":{\"@type\":\"ImageObject\",\"inLanguage\":\"es\",\"@id\":\"https:\/\/info-coches.com\/bastidor\/#\/schema\/logo\/image\/\",\"url\":\"https:\/\/info-coches.com\/bastidor\/wp-content\/uploads\/2022\/02\/numero-de-bastidor-coche.jpg\",\"contentUrl\":\"https:\/\/info-coches.com\/bastidor\/wp-content\/uploads\/2022\/02\/numero-de-bastidor-coche.jpg\",\"width\":1920,\"height\":971,\"caption\":\"Donde est\u00e1 el bastidor\"},\"image\":{\"@id\":\"https:\/\/info-coches.com\/bastidor\/#\/schema\/logo\/image\/\"}}]}<\/script>\n<!-- \/ Yoast SEO plugin. -->","yoast_head_json":{"title":"\u00bfD\u00f3nde est\u00e1 el n\u00famero de bastidor en un coche?","description":"\u00bfD\u00f3nde est\u00e1 el n\u00famero de bastidor en un coche? \u00bfD\u00f3nde se encuentra el c\u00f3digo de chasis de tu coche? Todos las marcas, modelos y a\u00f1os...","robots":{"index":"index","follow":"follow","max-snippet":"max-snippet:-1","max-image-preview":"max-image-preview:large","max-video-preview":"max-video-preview:-1"},"canonical":"https:\/\/info-coches.com\/bastidor\/","og_locale":"es_ES","og_type":"article","og_title":"\u00bfD\u00f3nde est\u00e1 el n\u00famero de bastidor en un coche?","og_description":"\u00bfD\u00f3nde est\u00e1 el n\u00famero de bastidor en un coche? \u00bfD\u00f3nde se encuentra el c\u00f3digo de chasis de tu coche? Todos las marcas, modelos y a\u00f1os...","og_url":"https:\/\/info-coches.com\/bastidor\/","og_site_name":"Informaci\u00f3n b\u00e1stidor","article_modified_time":"2023-01-10T17:22:58+00:00","og_image":[{"width":1920,"height":971,"url":"https:\/\/info-coches.com\/bastidor\/wp-content\/uploads\/2022\/02\/numero-de-bastidor-coche.jpg","type":"image\/jpeg"}],"twitter_card":"summary_large_image","twitter_misc":{"Tiempo de lectura":"2 minutos"},"schema":{"@context":"https:\/\/schema.org","@graph":[{"@type":"WebPage","@id":"https:\/\/info-coches.com\/bastidor\/","url":"https:\/\/info-coches.com\/bastidor\/","name":"\u00bfD\u00f3nde est\u00e1 el n\u00famero de bastidor en un coche?","isPartOf":{"@id":"https:\/\/info-coches.com\/bastidor\/#website"},"primaryImageOfPage":{"@id":"https:\/\/info-coches.com\/bastidor\/#primaryimage"},"image":{"@id":"https:\/\/info-coches.com\/bastidor\/#primaryimage"},"thumbnailUrl":"https:\/\/info-coches.com\/bastidor\/wp-content\/uploads\/2022\/02\/numero-de-bastidor-coche.jpg","datePublished":"2022-02-11T09:58:06+00:00","dateModified":"2023-01-10T17:22:58+00:00","description":"\u00bfD\u00f3nde est\u00e1 el n\u00famero de bastidor en un coche? \u00bfD\u00f3nde se encuentra el c\u00f3digo de chasis de tu coche? Todos las marcas, modelos y a\u00f1os...","breadcrumb":{"@id":"https:\/\/info-coches.com\/bastidor\/#breadcrumb"},"inLanguage":"es","potentialAction":[{"@type":"ReadAction","target":["https:\/\/info-coches.com\/bastidor\/"]}]},{"@type":"ImageObject","inLanguage":"es","@id":"https:\/\/info-coches.com\/bastidor\/#primaryimage","url":"https:\/\/info-coches.com\/bastidor\/wp-content\/uploads\/2022\/02\/numero-de-bastidor-coche.jpg","contentUrl":"https:\/\/info-coches.com\/bastidor\/wp-content\/uploads\/2022\/02\/numero-de-bastidor-coche.jpg","width":1920,"height":971,"caption":"numero de bastidor coche"},{"@type":"BreadcrumbList","@id":"https:\/\/info-coches.com\/bastidor\/#breadcrumb","itemListElement":[{"@type":"ListItem","position":1,"name":"Portada","item":"https:\/\/info-coches.com\/bastidor\/"},{"@type":"ListItem","position":2,"name":"\u00bfD\u00f3nde est\u00e1 el n\u00famero de bastidor en un coche?"}]},{"@type":"WebSite","@id":"https:\/\/info-coches.com\/bastidor\/#website","url":"https:\/\/info-coches.com\/bastidor\/","name":"Informaci\u00f3n b\u00e1stidor","description":"Informaci\u00f3n b\u00e1stidor de coches","publisher":{"@id":"https:\/\/info-coches.com\/bastidor\/#organization"},"potentialAction":[{"@type":"SearchAction","target":{"@type":"EntryPoint","urlTemplate":"https:\/\/info-coches.com\/bastidor\/?s={search_term_string}"},"query-input":{"@type":"PropertyValueSpecification","valueRequired":true,"valueName":"search_term_string"}}],"inLanguage":"es"},{"@type":"Organization","@id":"https:\/\/info-coches.com\/bastidor\/#organization","name":"Donde est\u00e1 el bastidor","url":"https:\/\/info-coches.com\/bastidor\/","logo":{"@type":"ImageObject","inLanguage":"es","@id":"https:\/\/info-coches.com\/bastidor\/#\/schema\/logo\/image\/","url":"https:\/\/info-coches.com\/bastidor\/wp-content\/uploads\/2022\/02\/numero-de-bastidor-coche.jpg","contentUrl":"https:\/\/info-coches.com\/bastidor\/wp-content\/uploads\/2022\/02\/numero-de-bastidor-coche.jpg","width":1920,"height":971,"caption":"Donde est\u00e1 el bastidor"},"image":{"@id":"https:\/\/info-coches.com\/bastidor\/#\/schema\/logo\/image\/"}}]}},"amp_enabled":true,"_links":{"self":[{"href":"https:\/\/info-coches.com\/bastidor\/wp-json\/wp\/v2\/pages\/809","targetHints":{"allow":["GET"]}}],"collection":[{"href":"https:\/\/info-coches.com\/bastidor\/wp-json\/wp\/v2\/pages"}],"about":[{"href":"https:\/\/info-coches.com\/bastidor\/wp-json\/wp\/v2\/types\/page"}],"author":[{"embeddable":true,"href":"https:\/\/info-coches.com\/bastidor\/wp-json\/wp\/v2\/users\/1"}],"replies":[{"embeddable":true,"href":"https:\/\/info-coches.com\/bastidor\/wp-json\/wp\/v2\/comments?post=809"}],"version-history":[{"count":0,"href":"https:\/\/info-coches.com\/bastidor\/wp-json\/wp\/v2\/pages\/809\/revisions"}],"wp:featuredmedia":[{"embeddable":true,"href":"https:\/\/info-coches.com\/bastidor\/wp-json\/wp\/v2\/media\/794"}],"wp:attachment":[{"href":"https:\/\/info-coches.com\/bastidor\/wp-json\/wp\/v2\/media?parent=809"}],"curies":[{"name":"wp","href":"https:\/\/api.w.org\/{rel}","templated":true}]}}