{"id":8824,"date":"2022-04-14T09:57:10","date_gmt":"2022-04-14T09:57:10","guid":{"rendered":"https:\/\/info-coches.com\/datos\/?page_id=8824"},"modified":"2026-01-07T14:22:29","modified_gmt":"2026-01-07T14:22:29","slug":"informe-de-vehiculos-dgt","status":"publish","type":"page","link":"https:\/\/info-coches.com\/datos\/","title":{"rendered":"Informe de veh\u00edculos DGT"},"content":{"rendered":"<p><img loading=\"lazy\" decoding=\"async\" class=\"alignnone wp-image-8827 size-large\" title=\"Informe del veh\u00edculo\" src=\"https:\/\/info-coches.com\/datos\/wp-content\/uploads\/2022\/02\/matriculas1-1024x683.jpg\" alt=\"Informe del veh\u00edculo\" width=\"800\" height=\"534\" srcset=\"https:\/\/info-coches.com\/datos\/wp-content\/uploads\/2022\/02\/matriculas1-1024x683.jpg 1024w, https:\/\/info-coches.com\/datos\/wp-content\/uploads\/2022\/02\/matriculas1-300x200.jpg 300w, https:\/\/info-coches.com\/datos\/wp-content\/uploads\/2022\/02\/matriculas1-768x512.jpg 768w, https:\/\/info-coches.com\/datos\/wp-content\/uploads\/2022\/02\/matriculas1-1536x1024.jpg 1536w, https:\/\/info-coches.com\/datos\/wp-content\/uploads\/2022\/02\/matriculas1-370x247.jpg 370w, https:\/\/info-coches.com\/datos\/wp-content\/uploads\/2022\/02\/matriculas1.jpg 1800w\" sizes=\"auto, (max-width: 800px) 100vw, 800px\" \/><\/p>\n<blockquote><p><strong>Si vas a comprar un coche nuevo, o necesitas obtener m\u00e1s informaci\u00f3n sobre un veh\u00edculo en concreto es posible.<\/strong><\/p><\/blockquote>\n<p>Cada veh\u00edculo es \u00fanico, y es por ello que <strong>desde el momento de su fabricaci\u00f3n<\/strong> se le establece un n\u00famero de matr\u00edcula que se puede actualizar y lo que es m\u00e1s importante, <strong>un n\u00famero de bastidor o n\u00famero VIN<\/strong> que se encuentra en el mismo chasis del veh\u00edculo y que no se puede cambiar.<\/p>\n<p>Solo se podr\u00eda cambiar, en el caso que se justifique con documentaci\u00f3n y las notificaciones oportunas, que el chasis del veh\u00edculo est\u00e1 roto o afectado y que se ha de cambiar por el de otro veh\u00edculo u otro nuevo.<\/p>\n<p><strong>Ya que con este n\u00famero de chasis se establecer\u00eda un registro de toda la historia de un veh\u00edculo, como los datos de fabricaci\u00f3n, propietarios, historia de ITV, historial de seguros, transacciones realizada al mismo, etc.<\/strong><\/p>\n<p>Es por esto de la importancia de los informes de veh\u00edculos, a la hora de comprar un veh\u00edculo, o de realizar cualquier cambio, es fundamental saber el historial del mismo, esto lo puedes conseguir de forma f\u00e1cil en la p\u00e1gina web de la DGT.<\/p>\n<p>En la web de la DGT puedes encontrar un <strong>informe simple<\/strong>, con los datos informativos m\u00e1s simples de veh\u00edculo, como modelo, a\u00f1o, etc.<\/p>\n<p><strong>Tambi\u00e9n te indica sin mucho detalle, si este veh\u00edculo tiene tr\u00e1mites pendientes, que pueden hacer referencia a que est\u00e1n sin ITV, o tienen una multa o denuncia pendiente. Este tipo de informe es gratuito.<\/strong><\/p>\n<p>Tambi\u00e9n puedes conseguir por 8\u20ac aproximadamente un <strong>Informe completo<\/strong>, con todos los datos importantes del veh\u00edculo, los cuales te pueden aportar toda la informaci\u00f3n necesites.<\/p>\n<p>Todos los datos del veh\u00edculo por matr\u00edcula, si quieres tener la informaci\u00f3n de su veh\u00edculo, la puedes obtener de manera f\u00e1cil y totalmente online.<\/p>\n<p>Busca tu matr\u00edcula y le podremos indicar todos los detalles relacionados con el veh\u00edculo que est\u00e1s buscando.<\/p>\n<p><strong>Todos los datos del veh\u00edculo por matr\u00edcula<\/strong>, si quieres tener la informaci\u00f3n de su veh\u00edculo, la puedes obtener de forma f\u00e1cil y totalmente online.<\/p>\n<p>&nbsp;<\/p>\n<p>Busca tu matr\u00edcula y le podremos indicar todos los detalles relacionados con el veh\u00edculo que est\u00e1s buscando.<\/p>\n<p>&nbsp;<\/p>\n<div class=\"datamatricula cat-item-36\"><a href=\"https:\/\/info-coches.com\/datos\/category\/matriculas-de-2000\/\">Matriculas de 2000<\/a><\/div>\n<div class=\"datamatricula cat-item-37\"><a href=\"https:\/\/info-coches.com\/datos\/category\/matriculas-de-2001\/\">Matriculas de 2001<\/a><\/div>\n<div class=\"datamatricula cat-item-2\"><a href=\"https:\/\/info-coches.com\/datos\/category\/matriculas-de-2002\/\">Matriculas de 2002<\/a><\/div>\n<div class=\"datamatricula cat-item-3\"><a href=\"https:\/\/info-coches.com\/datos\/category\/matriculas-de-2003\/\">Matriculas de 2003<\/a><\/div>\n<div class=\"datamatricula cat-item-4\"><a href=\"https:\/\/info-coches.com\/datos\/category\/matriculas-de-2004\/\">Matriculas de 2004<\/a><\/div>\n<div class=\"datamatricula cat-item-5\"><a href=\"https:\/\/info-coches.com\/datos\/category\/matriculas-de-2005\/\">Matriculas de 2005<\/a><\/div>\n<div class=\"datamatricula cat-item-6\"><a href=\"https:\/\/info-coches.com\/datos\/category\/matriculas-de-2006\/\">Matriculas de 2006<\/a><\/div>\n<div class=\"datamatricula cat-item-7\"><a href=\"https:\/\/info-coches.com\/datos\/category\/matriculas-de-2007\/\">Matriculas de 2007<\/a><\/div>\n<div class=\"datamatricula cat-item-8\"><a href=\"https:\/\/info-coches.com\/datos\/category\/matriculas-de-2008\/\">Matriculas de 2008<\/a><\/div>\n<div class=\"datamatricula cat-item-9\"><a href=\"https:\/\/info-coches.com\/datos\/category\/matriculas-de-2009\/\">Matriculas de 2009<\/a><\/div>\n<div class=\"datamatricula cat-item-10\"><a href=\"https:\/\/info-coches.com\/datos\/category\/matriculas-de-2010\/\">Matriculas de 2010<\/a><\/div>\n<div class=\"datamatricula cat-item-11\"><a href=\"https:\/\/info-coches.com\/datos\/category\/matriculas-de-2011\/\">Matriculas de 2011<\/a><\/div>\n<div class=\"datamatricula cat-item-12\"><a href=\"https:\/\/info-coches.com\/datos\/category\/matriculas-de-2012\/\">Matriculas de 2012<\/a><\/div>\n<div class=\"datamatricula cat-item-13\"><a href=\"https:\/\/info-coches.com\/datos\/category\/matriculas-de-2013\/\">Matriculas de 2013<\/a><\/div>\n<div class=\"datamatricula cat-item-14\"><a href=\"https:\/\/info-coches.com\/datos\/category\/matriculas-de-2014\/\">Matriculas de 2014<\/a><\/div>\n<div class=\"datamatricula cat-item-15\"><a href=\"https:\/\/info-coches.com\/datos\/category\/matriculas-de-2015\/\">Matriculas de 2015<\/a><\/div>\n<div class=\"datamatricula cat-item-16\"><a href=\"https:\/\/info-coches.com\/datos\/category\/matriculas-de-2016\/\">Matriculas de 2016<\/a><\/div>\n<div class=\"datamatricula cat-item-17\"><a href=\"https:\/\/info-coches.com\/datos\/category\/matriculas-de-2017\/\">Matriculas de 2017<\/a><\/div>\n<div class=\"datamatricula cat-item-18\"><a href=\"https:\/\/info-coches.com\/datos\/category\/matriculas-de-2018\/\">Matriculas de 2018<\/a><\/div>\n<div class=\"datamatricula cat-item-19\"><a href=\"https:\/\/info-coches.com\/datos\/category\/matriculas-de-2019\/\">Matriculas de 2019<\/a><\/div>\n<div class=\"datamatricula cat-item-20\"><a href=\"https:\/\/info-coches.com\/datos\/category\/matriculas-de-2020\/\">Matriculas de 2020<\/a><\/div>\n<div class=\"datamatricula cat-item-21\"><a href=\"https:\/\/info-coches.com\/datos\/category\/matriculas-de-2021\/\">Matriculas de 2021<\/a><\/div>\n<div class=\"datamatricula cat-item-23\"><a href=\"https:\/\/info-coches.com\/datos\/category\/matriculas-de-2023\/\">Matriculas de 2023<\/a><\/div>\n","protected":false},"excerpt":{"rendered":"<p>Si vas a comprar un coche nuevo, o necesitas obtener m\u00e1s informaci\u00f3n sobre un veh\u00edculo en concreto es posible. Cada veh\u00edculo es \u00fanico, y es [&#8230;]<\/p>\n","protected":false},"author":1,"featured_media":8827,"parent":0,"menu_order":0,"comment_status":"closed","ping_status":"closed","template":"","meta":{"footnotes":""},"class_list":["post-8824","page","type-page","status-publish","has-post-thumbnail","hentry"],"yoast_head":"<!-- This site is optimized with the Yoast SEO plugin v26.6 - https:\/\/yoast.com\/wordpress\/plugins\/seo\/ -->\n<title>Informe de veh\u00edculos DGT \u00b7 Informaci\u00f3n<\/title>\n<meta name=\"description\" content=\"Informe de veh\u00edculos DGT \u00b7 Informaci\u00f3n sobre matr\u00edcula veh\u00edculo.\" \/>\n<meta name=\"robots\" content=\"index, follow, max-snippet:-1, max-image-preview:large, max-video-preview:-1\" \/>\n<link rel=\"canonical\" href=\"https:\/\/info-coches.com\/datos\/\" \/>\n<meta property=\"og:locale\" content=\"es_ES\" \/>\n<meta property=\"og:type\" content=\"article\" \/>\n<meta property=\"og:title\" content=\"Informe de veh\u00edculos DGT \u00b7 Informaci\u00f3n\" \/>\n<meta property=\"og:description\" content=\"Informe de veh\u00edculos DGT \u00b7 Informaci\u00f3n sobre matr\u00edcula veh\u00edculo.\" \/>\n<meta property=\"og:url\" content=\"https:\/\/info-coches.com\/datos\/\" \/>\n<meta property=\"og:site_name\" content=\"Coches\" \/>\n<meta property=\"article:modified_time\" content=\"2026-01-07T14:22:29+00:00\" \/>\n<meta property=\"og:image\" content=\"https:\/\/info-coches.com\/datos\/wp-content\/uploads\/2022\/02\/matriculas1.jpg\" \/>\n\t<meta property=\"og:image:width\" content=\"1800\" \/>\n\t<meta property=\"og:image:height\" content=\"1200\" \/>\n\t<meta property=\"og:image:type\" content=\"image\/jpeg\" \/>\n<meta name=\"twitter:card\" content=\"summary_large_image\" \/>\n<meta name=\"twitter:label1\" content=\"Tiempo de lectura\" \/>\n\t<meta name=\"twitter:data1\" content=\"3 minutos\" \/>\n<script type=\"application\/ld+json\" class=\"yoast-schema-graph\">{\"@context\":\"https:\/\/schema.org\",\"@graph\":[{\"@type\":\"WebPage\",\"@id\":\"https:\/\/info-coches.com\/datos\/\",\"url\":\"https:\/\/info-coches.com\/datos\/\",\"name\":\"Informe de veh\u00edculos DGT \u00b7 Informaci\u00f3n\",\"isPartOf\":{\"@id\":\"https:\/\/info-coches.com\/datos\/#website\"},\"primaryImageOfPage\":{\"@id\":\"https:\/\/info-coches.com\/datos\/#primaryimage\"},\"image\":{\"@id\":\"https:\/\/info-coches.com\/datos\/#primaryimage\"},\"thumbnailUrl\":\"https:\/\/info-coches.com\/datos\/wp-content\/uploads\/2022\/02\/matriculas1.jpg\",\"datePublished\":\"2022-04-14T09:57:10+00:00\",\"dateModified\":\"2026-01-07T14:22:29+00:00\",\"description\":\"Informe de veh\u00edculos DGT \u00b7 Informaci\u00f3n sobre matr\u00edcula veh\u00edculo.\",\"breadcrumb\":{\"@id\":\"https:\/\/info-coches.com\/datos\/#breadcrumb\"},\"inLanguage\":\"es\",\"potentialAction\":[{\"@type\":\"ReadAction\",\"target\":[\"https:\/\/info-coches.com\/datos\/\"]}]},{\"@type\":\"ImageObject\",\"inLanguage\":\"es\",\"@id\":\"https:\/\/info-coches.com\/datos\/#primaryimage\",\"url\":\"https:\/\/info-coches.com\/datos\/wp-content\/uploads\/2022\/02\/matriculas1.jpg\",\"contentUrl\":\"https:\/\/info-coches.com\/datos\/wp-content\/uploads\/2022\/02\/matriculas1.jpg\",\"width\":1800,\"height\":1200,\"caption\":\"Informe del veh\u00edculo\"},{\"@type\":\"BreadcrumbList\",\"@id\":\"https:\/\/info-coches.com\/datos\/#breadcrumb\",\"itemListElement\":[{\"@type\":\"ListItem\",\"position\":1,\"name\":\"Portada\",\"item\":\"https:\/\/info-coches.com\/datos\/\"},{\"@type\":\"ListItem\",\"position\":2,\"name\":\"Informe de veh\u00edculos DGT\"}]},{\"@type\":\"WebSite\",\"@id\":\"https:\/\/info-coches.com\/datos\/#website\",\"url\":\"https:\/\/info-coches.com\/datos\/\",\"name\":\"Coches\",\"description\":\"\",\"publisher\":{\"@id\":\"https:\/\/info-coches.com\/datos\/#organization\"},\"potentialAction\":[{\"@type\":\"SearchAction\",\"target\":{\"@type\":\"EntryPoint\",\"urlTemplate\":\"https:\/\/info-coches.com\/datos\/?s={search_term_string}\"},\"query-input\":{\"@type\":\"PropertyValueSpecification\",\"valueRequired\":true,\"valueName\":\"search_term_string\"}}],\"inLanguage\":\"es\"},{\"@type\":\"Organization\",\"@id\":\"https:\/\/info-coches.com\/datos\/#organization\",\"name\":\"Informe de veh\u00edculos\",\"url\":\"https:\/\/info-coches.com\/datos\/\",\"logo\":{\"@type\":\"ImageObject\",\"inLanguage\":\"es\",\"@id\":\"https:\/\/info-coches.com\/datos\/#\/schema\/logo\/image\/\",\"url\":\"https:\/\/info-coches.com\/datos\/wp-content\/uploads\/2022\/02\/logo-coche.png\",\"contentUrl\":\"https:\/\/info-coches.com\/datos\/wp-content\/uploads\/2022\/02\/logo-coche.png\",\"width\":699,\"height\":319,\"caption\":\"Informe de veh\u00edculos\"},\"image\":{\"@id\":\"https:\/\/info-coches.com\/datos\/#\/schema\/logo\/image\/\"}}]}<\/script>\n<!-- \/ Yoast SEO plugin. -->","yoast_head_json":{"title":"Informe de veh\u00edculos DGT \u00b7 Informaci\u00f3n","description":"Informe de veh\u00edculos DGT \u00b7 Informaci\u00f3n sobre matr\u00edcula veh\u00edculo.","robots":{"index":"index","follow":"follow","max-snippet":"max-snippet:-1","max-image-preview":"max-image-preview:large","max-video-preview":"max-video-preview:-1"},"canonical":"https:\/\/info-coches.com\/datos\/","og_locale":"es_ES","og_type":"article","og_title":"Informe de veh\u00edculos DGT \u00b7 Informaci\u00f3n","og_description":"Informe de veh\u00edculos DGT \u00b7 Informaci\u00f3n sobre matr\u00edcula veh\u00edculo.","og_url":"https:\/\/info-coches.com\/datos\/","og_site_name":"Coches","article_modified_time":"2026-01-07T14:22:29+00:00","og_image":[{"width":1800,"height":1200,"url":"https:\/\/info-coches.com\/datos\/wp-content\/uploads\/2022\/02\/matriculas1.jpg","type":"image\/jpeg"}],"twitter_card":"summary_large_image","twitter_misc":{"Tiempo de lectura":"3 minutos"},"schema":{"@context":"https:\/\/schema.org","@graph":[{"@type":"WebPage","@id":"https:\/\/info-coches.com\/datos\/","url":"https:\/\/info-coches.com\/datos\/","name":"Informe de veh\u00edculos DGT \u00b7 Informaci\u00f3n","isPartOf":{"@id":"https:\/\/info-coches.com\/datos\/#website"},"primaryImageOfPage":{"@id":"https:\/\/info-coches.com\/datos\/#primaryimage"},"image":{"@id":"https:\/\/info-coches.com\/datos\/#primaryimage"},"thumbnailUrl":"https:\/\/info-coches.com\/datos\/wp-content\/uploads\/2022\/02\/matriculas1.jpg","datePublished":"2022-04-14T09:57:10+00:00","dateModified":"2026-01-07T14:22:29+00:00","description":"Informe de veh\u00edculos DGT \u00b7 Informaci\u00f3n sobre matr\u00edcula veh\u00edculo.","breadcrumb":{"@id":"https:\/\/info-coches.com\/datos\/#breadcrumb"},"inLanguage":"es","potentialAction":[{"@type":"ReadAction","target":["https:\/\/info-coches.com\/datos\/"]}]},{"@type":"ImageObject","inLanguage":"es","@id":"https:\/\/info-coches.com\/datos\/#primaryimage","url":"https:\/\/info-coches.com\/datos\/wp-content\/uploads\/2022\/02\/matriculas1.jpg","contentUrl":"https:\/\/info-coches.com\/datos\/wp-content\/uploads\/2022\/02\/matriculas1.jpg","width":1800,"height":1200,"caption":"Informe del veh\u00edculo"},{"@type":"BreadcrumbList","@id":"https:\/\/info-coches.com\/datos\/#breadcrumb","itemListElement":[{"@type":"ListItem","position":1,"name":"Portada","item":"https:\/\/info-coches.com\/datos\/"},{"@type":"ListItem","position":2,"name":"Informe de veh\u00edculos DGT"}]},{"@type":"WebSite","@id":"https:\/\/info-coches.com\/datos\/#website","url":"https:\/\/info-coches.com\/datos\/","name":"Coches","description":"","publisher":{"@id":"https:\/\/info-coches.com\/datos\/#organization"},"potentialAction":[{"@type":"SearchAction","target":{"@type":"EntryPoint","urlTemplate":"https:\/\/info-coches.com\/datos\/?s={search_term_string}"},"query-input":{"@type":"PropertyValueSpecification","valueRequired":true,"valueName":"search_term_string"}}],"inLanguage":"es"},{"@type":"Organization","@id":"https:\/\/info-coches.com\/datos\/#organization","name":"Informe de veh\u00edculos","url":"https:\/\/info-coches.com\/datos\/","logo":{"@type":"ImageObject","inLanguage":"es","@id":"https:\/\/info-coches.com\/datos\/#\/schema\/logo\/image\/","url":"https:\/\/info-coches.com\/datos\/wp-content\/uploads\/2022\/02\/logo-coche.png","contentUrl":"https:\/\/info-coches.com\/datos\/wp-content\/uploads\/2022\/02\/logo-coche.png","width":699,"height":319,"caption":"Informe de veh\u00edculos"},"image":{"@id":"https:\/\/info-coches.com\/datos\/#\/schema\/logo\/image\/"}}]}},"amp_enabled":true,"_links":{"self":[{"href":"https:\/\/info-coches.com\/datos\/wp-json\/wp\/v2\/pages\/8824","targetHints":{"allow":["GET"]}}],"collection":[{"href":"https:\/\/info-coches.com\/datos\/wp-json\/wp\/v2\/pages"}],"about":[{"href":"https:\/\/info-coches.com\/datos\/wp-json\/wp\/v2\/types\/page"}],"author":[{"embeddable":true,"href":"https:\/\/info-coches.com\/datos\/wp-json\/wp\/v2\/users\/1"}],"replies":[{"embeddable":true,"href":"https:\/\/info-coches.com\/datos\/wp-json\/wp\/v2\/comments?post=8824"}],"version-history":[{"count":2,"href":"https:\/\/info-coches.com\/datos\/wp-json\/wp\/v2\/pages\/8824\/revisions"}],"predecessor-version":[{"id":17897,"href":"https:\/\/info-coches.com\/datos\/wp-json\/wp\/v2\/pages\/8824\/revisions\/17897"}],"wp:featuredmedia":[{"embeddable":true,"href":"https:\/\/info-coches.com\/datos\/wp-json\/wp\/v2\/media\/8827"}],"wp:attachment":[{"href":"https:\/\/info-coches.com\/datos\/wp-json\/wp\/v2\/media?parent=8824"}],"curies":[{"name":"wp","href":"https:\/\/api.w.org\/{rel}","templated":true}]}}