{"id":122742,"date":"2023-02-02T13:36:55","date_gmt":"2023-02-02T13:36:55","guid":{"rendered":"https:\/\/info-coches.com\/taller\/?page_id=122742"},"modified":"2023-02-02T15:36:34","modified_gmt":"2023-02-02T15:36:34","slug":"guias-de-mecanica-mantenimiento-y-repacion-de-vehiculos","status":"publish","type":"page","link":"https:\/\/info-coches.com\/taller\/","title":{"rendered":"Gu\u00edas de m\u00e9c\u00e1nica, mantenimiento y repaci\u00f3n de veh\u00edculos"},"content":{"rendered":"<p><img decoding=\"async\" class=\"size-full wp-image-122694 aligncenter\" src=\"https:\/\/info-coches.com\/taller\/wp-content\/uploads\/2022\/07\/Averia-35.jpg\" alt=\"\" width=\"660\" height=\"375\" \/><\/p>\n<p>En nuestra web pretendemos ayudar a los conductores a detectar las aver\u00edas m\u00e1s frecuentes y ayudar a dar las mejores soluciones para cada problema. Si bien es cierto, cada veh\u00edculo dispone de cientos de mecanismos tanto mec\u00e1nicos como electr\u00f3nicos y cada una de ellos est\u00e1 compuesto por piezas m\u00e1s peque\u00f1as, y el fallo, rotura o desajuste de cada uno de ellos puede incurrir en una aver\u00eda que tendr\u00e1 un s\u00edntoma m\u00e1s o menos notable en el veh\u00edculo. Por lo que no siempre es f\u00e1cil saber que es lo que le pasa al coche.<\/p>\n<p>&nbsp;<\/p>\n<h2>Los principales consejos y tips si se rompe el coche<\/h2>\n<p>Evidentemente, todos sabemos que si se rompe el coche en carretera debemos intentar parar en un sitio seguro si es posible, se\u00f1alizar y llamar a la gr\u00faa, pero, aqu\u00ed a\u00f1adiremos algunos consejos m\u00e1s que pueden serte de utilidad.<\/p>\n<p>&nbsp;<\/p>\n<h3>Consultar con tu seguro si tienes gr\u00faa, servicio de taxi y veh\u00edculo de sustituci\u00f3n.<\/h3>\n<p>Muchas veces no leemos la letra peque\u00f1a de los contratos, normalmente, la mayor\u00eda de los seguros de coches<strong> tienen asistencia en carretera<\/strong>, o lo que es lo mismo, si se te rompe puedes llamar al n\u00famero de asistencia en carretera de tu seguro y una gr\u00faa vendr\u00e1 a por tu coche sin coste alguno y te llevar\u00e1 el coche al taller que t\u00fa elijas.<\/p>\n<p>La mayor\u00eda de las veces, dentro de este servicio, tambi\u00e9n tienen servicio de taxi, para que te puedan llevar despu\u00e9s a casa si esto te ocurre, y aunque casi nunca suele tener servicio de coche de sustituci\u00f3n, a no s\u00e9 que lo pidas, espec\u00edficamente cuando contrates el seguro, pero tambi\u00e9n es bueno consultar por si viniera incluido en el contrato.<\/p>\n<p>&nbsp;<\/p>\n<h3>Talleres con veh\u00edculos de sustituci\u00f3n<\/h3>\n<p>En el caso de que no tengas contratado coche de sustituci\u00f3n con tu seguro antes de elegir el taller puedes buscar el que te ofrezca este servicio, es importante consultar telef\u00f3nicamente este servicio, ya que muchas veces los talleres a pesar de ofrecer coches de sustituci\u00f3n los pueden tener ocupados por otros clientes y es necesario saber la disponibilidad.<\/p>\n<p>&nbsp;<\/p>\n<h3>Pide presupuesto antes de reparar<\/h3>\n<p>Es interesante pedir presupuesto antes de reparar el coche, muchas veces ser\u00e1n estimados, pero as\u00ed evitas sorpresas innecesarias. Tambi\u00e9n puede ser beneficioso decir al taller que te tenga informado de cualquier novedad, por si tuviera m\u00e1s aver\u00edas o algo distinto, tambi\u00e9n tuvieras el poder de decidir si lo quieres arreglar y como.<\/p>\n<p>&nbsp;<\/p>\n<h3>Solicita tambi\u00e9n presupuesto con piezas de segunda mano<\/h3>\n<p>En algunas ocasiones, no todas, en los casos de sustituci\u00f3n de ciertas piezas en ciertos veh\u00edculos, puede ser conveniente o no elegir piezas nuevas, de segunda mano o rectificar o arreglar la que se ha roto en nuestro veh\u00edculo, por supuesto, una pieza nueva siempre va a ser mejor, pero tambi\u00e9n m\u00e1s costosa, casi todos los mec\u00e1nicos lo van a desaconsejar porque para ellos es m\u00e1s arriesgado poner una pieza que es m\u00e1s probable que falle, pero es bueno tenerlo en cuenta y consultar diferencias de precios para elegir la mejor opci\u00f3n, sobre todo en veh\u00edculo con una cierta antig\u00fcedad.<\/p>\n<p>&nbsp;<\/p>\n<h3>Sobre la m\u00e1quina diagnosis<\/h3>\n<p>Ya cualquier taller disponen de m\u00e1quina de diagn\u00f3stico de aver\u00edas de veh\u00edculos, y aunque algunos te cobre hasta m\u00e1s de 100\u20ac por hacer un diagn\u00f3stico y detectar la aver\u00eda, m\u00e1s despu\u00e9s lo que cuesta arregl\u00e1rtelo, tambi\u00e9n son muchos los talleres que simplemente por llevarlos te lo hacen gratis para el presupuesto. Es importante consultar esto tambi\u00e9n, ya que la m\u00e1quina de diagn\u00f3stico puede ayudarte mucho, y ahorrarte mucho dinero.<\/p>\n<p>&nbsp;<\/p>\n<p>&nbsp;<\/p>\n<p>&nbsp;<\/p>\n<h3>Las aver\u00edas m\u00e1s comunes<\/h3>\n<p>Si te has levantado para ir a trabajar y de repente tu coche no arranca, la aver\u00eda m\u00e1s com\u00fan en estos casos es que alg\u00fan dispositivo del veh\u00edculo haya acabado la <strong>bater\u00eda<\/strong>, cada vez es m\u00e1s complicado dejarse las luces o radio encendida y muchas veces, aunque lo hagas el coche sigue teniendo bater\u00eda por la ma\u00f1ana pero otras no. En este caso puedes llamar a tu seguro de forma gratuita e ir\u00e1 el t\u00e9cnico de gr\u00faa que te ayudar\u00e1 a cargar la bater\u00eda.<\/p>\n<p>La segunda aver\u00eda m\u00e1s frecuente es la falta de <strong>combustible<\/strong>. En nuestra web puedes encontrar otras aver\u00edas usuales si tu veh\u00edculo no arranca.<\/p>\n<p>A continuaci\u00f3n le dejamos un listado de modelos para que encuentre la soluci\u00f3n a las aver\u00edas m\u00e1s frecuente de su veh\u00edculo.<\/p>\n<h3 class=\"widget-title\">Elije tu marca:<\/h3>\n<ul>\n<li class=\"cat-item cat-item-3\"><a href=\"https:\/\/info-coches.com\/taller\/marca\/alfa-romeo\/\">ALFA ROMEO<\/a>\u00a0(138)<\/li>\n<li class=\"cat-item cat-item-4\"><a href=\"https:\/\/info-coches.com\/taller\/marca\/asia\/\">ASIA<\/a>\u00a0(45)<\/li>\n<li class=\"cat-item cat-item-5\"><a href=\"https:\/\/info-coches.com\/taller\/marca\/audi\/\">AUDI<\/a>\u00a0(603)<\/li>\n<li class=\"cat-item cat-item-6\"><a href=\"https:\/\/info-coches.com\/taller\/marca\/autobianchi\/\">AUTOBIANCHI<\/a>\u00a0(6)<\/li>\n<li class=\"cat-item cat-item-7\"><a href=\"https:\/\/info-coches.com\/taller\/marca\/baic\/\">BAIC<\/a>\u00a0(15)<\/li>\n<li class=\"cat-item cat-item-8\"><a href=\"https:\/\/info-coches.com\/taller\/marca\/bmw\/\">BMW<\/a>\u00a0(642)<\/li>\n<li class=\"cat-item cat-item-9\"><a href=\"https:\/\/info-coches.com\/taller\/marca\/changan\/\">CHANGAN<\/a>\u00a0(3)<\/li>\n<li class=\"cat-item cat-item-10\"><a href=\"https:\/\/info-coches.com\/taller\/marca\/chery\/\">CHERY<\/a>\u00a0(39)<\/li>\n<li class=\"cat-item cat-item-11\"><a href=\"https:\/\/info-coches.com\/taller\/marca\/chevrolet\/\">CHEVROLET<\/a>\u00a0(1.170)<\/li>\n<li class=\"cat-item cat-item-12\"><a href=\"https:\/\/info-coches.com\/taller\/marca\/chrysler\/\">CHRYSLER<\/a>\u00a0(126)<\/li>\n<li class=\"cat-item cat-item-13\"><a href=\"https:\/\/info-coches.com\/taller\/marca\/citroen\/\">CITROEN<\/a>\u00a0(456)<\/li>\n<li class=\"cat-item cat-item-14\"><a href=\"https:\/\/info-coches.com\/taller\/marca\/daewoo\/\">DAEWOO<\/a>\u00a0(117)<\/li>\n<li class=\"cat-item cat-item-15\"><a href=\"https:\/\/info-coches.com\/taller\/marca\/daihatsu\/\">DAIHATSU<\/a>\u00a0(48)<\/li>\n<li class=\"cat-item cat-item-16\"><a href=\"https:\/\/info-coches.com\/taller\/marca\/dfsk\/\">DFSK<\/a>\u00a0(9)<\/li>\n<li class=\"cat-item cat-item-17\"><a href=\"https:\/\/info-coches.com\/taller\/marca\/dodge\/\">DODGE<\/a>\u00a0(60)<\/li>\n<li class=\"cat-item cat-item-18\"><a href=\"https:\/\/info-coches.com\/taller\/marca\/ds\/\">DS<\/a>\u00a0(12)<\/li>\n<li class=\"cat-item cat-item-19\"><a href=\"https:\/\/info-coches.com\/taller\/marca\/ferrari\/\">FERRARI<\/a>\u00a0(90)<\/li>\n<li class=\"cat-item cat-item-20\"><a href=\"https:\/\/info-coches.com\/taller\/marca\/fiat\/\">FIAT<\/a>\u00a0(609)<\/li>\n<li class=\"cat-item cat-item-21\"><a href=\"https:\/\/info-coches.com\/taller\/marca\/ford\/\">FORD<\/a>\u00a0(1.842)<\/li>\n<li class=\"cat-item cat-item-22\"><a href=\"https:\/\/info-coches.com\/taller\/marca\/foton\/\">FOTON<\/a>\u00a0(3)<\/li>\n<li class=\"cat-item cat-item-23\"><a href=\"https:\/\/info-coches.com\/taller\/marca\/geely\/\">GEELY<\/a>\u00a0(39)<\/li>\n<li class=\"cat-item cat-item-24\"><a href=\"https:\/\/info-coches.com\/taller\/marca\/great-wall\/\">GREAT WALL<\/a>\u00a0(15)<\/li>\n<li class=\"cat-item cat-item-25\"><a href=\"https:\/\/info-coches.com\/taller\/marca\/haval\/\">HAVAL<\/a>\u00a0(18)<\/li>\n<li class=\"cat-item cat-item-26\"><a href=\"https:\/\/info-coches.com\/taller\/marca\/honda\/\">HONDA<\/a>\u00a0(327)<\/li>\n<li class=\"cat-item cat-item-27\"><a href=\"https:\/\/info-coches.com\/taller\/marca\/hyundai\/\">HYUNDAI<\/a>\u00a0(330)<\/li>\n<li class=\"cat-item cat-item-28\"><a href=\"https:\/\/info-coches.com\/taller\/marca\/isuzu\/\">ISUZU<\/a>\u00a0(60)<\/li>\n<li class=\"cat-item cat-item-29\"><a href=\"https:\/\/info-coches.com\/taller\/marca\/iveco\/\">IVECO<\/a>\u00a0(210)<\/li>\n<li class=\"cat-item cat-item-30\"><a href=\"https:\/\/info-coches.com\/taller\/marca\/jac\/\">JAC<\/a>\u00a0(24)<\/li>\n<li class=\"cat-item cat-item-31\"><a href=\"https:\/\/info-coches.com\/taller\/marca\/jaguar\/\">JAGUAR<\/a>\u00a0(153)<\/li>\n<li class=\"cat-item cat-item-32\"><a href=\"https:\/\/info-coches.com\/taller\/marca\/jeep\/\">JEEP<\/a>\u00a0(192)<\/li>\n<li class=\"cat-item cat-item-33\"><a href=\"https:\/\/info-coches.com\/taller\/marca\/kia\/\">KIA<\/a>\u00a0(285)<\/li>\n<li class=\"cat-item cat-item-34\"><a href=\"https:\/\/info-coches.com\/taller\/marca\/lada\/\">LADA<\/a>\u00a0(6)<\/li>\n<li class=\"cat-item cat-item-35\"><a href=\"https:\/\/info-coches.com\/taller\/marca\/lamborghini\/\">LAMBORGHINI<\/a>\u00a0(18)<\/li>\n<li class=\"cat-item cat-item-36\"><a href=\"https:\/\/info-coches.com\/taller\/marca\/land-rover\/\">LAND ROVER<\/a>\u00a0(237)<\/li>\n<li class=\"cat-item cat-item-37\"><a href=\"https:\/\/info-coches.com\/taller\/marca\/lexus\/\">LEXUS<\/a>\u00a0(36)<\/li>\n<li class=\"cat-item cat-item-38\"><a href=\"https:\/\/info-coches.com\/taller\/marca\/lifan\/\">LIFAN<\/a>\u00a0(18)<\/li>\n<li class=\"cat-item cat-item-39\"><a href=\"https:\/\/info-coches.com\/taller\/marca\/maserati\/\">MASERATI<\/a>\u00a0(45)<\/li>\n<li class=\"cat-item cat-item-40\"><a href=\"https:\/\/info-coches.com\/taller\/marca\/mazda\/\">MAZDA<\/a>\u00a0(87)<\/li>\n<li class=\"cat-item cat-item-41\"><a href=\"https:\/\/info-coches.com\/taller\/marca\/mercedes\/\">MERCEDES<\/a>\u00a0(924)<\/li>\n<li class=\"cat-item cat-item-42\"><a href=\"https:\/\/info-coches.com\/taller\/marca\/mg\/\">MG<\/a>\u00a0(6)<\/li>\n<li class=\"cat-item cat-item-43\"><a href=\"https:\/\/info-coches.com\/taller\/marca\/mini\/\">MINI<\/a>\u00a0(69)<\/li>\n<li class=\"cat-item cat-item-44\"><a href=\"https:\/\/info-coches.com\/taller\/marca\/mitsubishi\/\">MITSUBISHI<\/a>\u00a0(210)<\/li>\n<li class=\"cat-item cat-item-45\"><a href=\"https:\/\/info-coches.com\/taller\/marca\/nissan\/\">NISSAN<\/a>\u00a0(249)<\/li>\n<li class=\"cat-item cat-item-46\"><a href=\"https:\/\/info-coches.com\/taller\/marca\/pagani\/\">PAGANI<\/a>\u00a0(3)<\/li>\n<li class=\"cat-item cat-item-47\"><a href=\"https:\/\/info-coches.com\/taller\/marca\/peugeot\/\">PEUGEOT<\/a>\u00a0(1.056)<\/li>\n<li class=\"cat-item cat-item-48\"><a href=\"https:\/\/info-coches.com\/taller\/marca\/porsche\/\">PORSCHE<\/a>\u00a0(312)<\/li>\n<li class=\"cat-item cat-item-49\"><a href=\"https:\/\/info-coches.com\/taller\/marca\/proton\/\">PROTON<\/a>\u00a0(6)<\/li>\n<li class=\"cat-item cat-item-50\"><a href=\"https:\/\/info-coches.com\/taller\/marca\/ram\/\">RAM<\/a>\u00a0(6)<\/li>\n<li class=\"cat-item cat-item-51\"><a href=\"https:\/\/info-coches.com\/taller\/marca\/renault\/\">RENAULT<\/a>\u00a0(1.245)<\/li>\n<li class=\"cat-item cat-item-52\"><a href=\"https:\/\/info-coches.com\/taller\/marca\/rover\/\">ROVER<\/a>\u00a0(138)<\/li>\n<li class=\"cat-item cat-item-53\"><a href=\"https:\/\/info-coches.com\/taller\/marca\/saab\/\">SAAB<\/a>\u00a0(105)<\/li>\n<li class=\"cat-item cat-item-54\"><a href=\"https:\/\/info-coches.com\/taller\/marca\/seat\/\">SEAT<\/a>\u00a0(171)<\/li>\n<li class=\"cat-item cat-item-55\"><a href=\"https:\/\/info-coches.com\/taller\/marca\/shineray\/\">SHINERAY<\/a> (12)<\/li>\n<li class=\"cat-item cat-item-56\"><a href=\"https:\/\/info-coches.com\/taller\/marca\/smart\/\">SMART<\/a>\u00a0(15)<\/li>\n<li class=\"cat-item cat-item-57\"><a href=\"https:\/\/info-coches.com\/taller\/marca\/ssangyong\/\">SSANGYONG<\/a>\u00a0(75)<\/li>\n<li class=\"cat-item cat-item-58\"><a href=\"https:\/\/info-coches.com\/taller\/marca\/subaru\/\">SUBARU<\/a>\u00a0(228)<\/li>\n<li class=\"cat-item cat-item-59\"><a href=\"https:\/\/info-coches.com\/taller\/marca\/suzuki\/\">SUZUKI<\/a>\u00a0(153)<\/li>\n<li class=\"cat-item cat-item-60\"><a href=\"https:\/\/info-coches.com\/taller\/marca\/tata\/\">TATA<\/a>\u00a0(9)<\/li>\n<li class=\"cat-item cat-item-61\"><a href=\"https:\/\/info-coches.com\/taller\/marca\/toyota\/\">TOYOTA<\/a>\u00a0(501)<\/li>\n<li class=\"cat-item cat-item-62\"><a href=\"https:\/\/info-coches.com\/taller\/marca\/volkswagen\/\">VOLKSWAGEN<\/a>\u00a0(1.110)<\/li>\n<li class=\"cat-item cat-item-63\"><a href=\"https:\/\/info-coches.com\/taller\/marca\/volvo\/\">VOLVO<\/a>\u00a0(285)<\/li>\n<\/ul>\n","protected":false},"excerpt":{"rendered":"<p>En nuestra web pretendemos ayudar a los conductores a detectar las aver\u00edas m\u00e1s frecuentes y ayudar a dar las mejores soluciones para cada problema. Si [&#8230;]<\/p>\n","protected":false},"author":1,"featured_media":0,"parent":0,"menu_order":0,"comment_status":"closed","ping_status":"closed","template":"","meta":{"footnotes":""},"class_list":["post-122742","page","type-page","status-publish","hentry"],"amp_enabled":true,"_links":{"self":[{"href":"https:\/\/info-coches.com\/taller\/wp-json\/wp\/v2\/pages\/122742","targetHints":{"allow":["GET"]}}],"collection":[{"href":"https:\/\/info-coches.com\/taller\/wp-json\/wp\/v2\/pages"}],"about":[{"href":"https:\/\/info-coches.com\/taller\/wp-json\/wp\/v2\/types\/page"}],"author":[{"embeddable":true,"href":"https:\/\/info-coches.com\/taller\/wp-json\/wp\/v2\/users\/1"}],"replies":[{"embeddable":true,"href":"https:\/\/info-coches.com\/taller\/wp-json\/wp\/v2\/comments?post=122742"}],"version-history":[{"count":0,"href":"https:\/\/info-coches.com\/taller\/wp-json\/wp\/v2\/pages\/122742\/revisions"}],"wp:attachment":[{"href":"https:\/\/info-coches.com\/taller\/wp-json\/wp\/v2\/media?parent=122742"}],"curies":[{"name":"wp","href":"https:\/\/api.w.org\/{rel}","templated":true}]}}